{"id":135,"date":"2021-05-12T11:36:55","date_gmt":"2021-05-12T11:36:55","guid":{"rendered":"http:\/\/trans-color.net\/?page_id=135"},"modified":"2022-01-04T22:48:48","modified_gmt":"2022-01-04T22:48:48","slug":"home","status":"publish","type":"page","link":"https:\/\/trans-color.net\/","title":{"rendered":"INICIO"},"content":{"rendered":"\n<div class=\"wp-block-cover alignwide has-ast-global-color-7-background-color has-background-dim has-parallax is-repeated has-custom-content-position is-position-bottom-center wp-duotone-000000-ffffff-1\" style=\"background-image:url(https:\/\/trans-color.net\/wp-content\/uploads\/2022\/01\/5985-000-2-copia.jpg);min-height:344px\"><div class=\"wp-block-cover__inner-container is-layout-flow wp-block-cover-is-layout-flow\">\n<p><style>\/*! elementor - v3.5.3 - 28-12-2021 *\/<br \/>\n.elementor-widget-image{text-align:center}.elementor-widget-image a{display:inline-block}.elementor-widget-image a img[src$=\".svg\"]{width:48px}.elementor-widget-image img{vertical-align:middle;display:inline-block}<\/style><\/p>\n\n\n\n<div class=\"wp-block-image\"><figure class=\"aligncenter\"><img decoding=\"async\" src=\"http:\/\/trans-color.net\/wp-content\/uploads\/2022\/01\/cropped-logofinalimpresion1.png\" alt=\"\"\/><\/figure><\/div>\n\n\n\n<h1 class=\"has-text-align-center has-white-color has-text-color wp-block-heading\"><span style=\"color:#1a3291\" class=\"has-inline-color\">Art\u00edculos publicitarios y sublimaci\u00f3n<\/span><\/h1>\n\n\n\n<p class=\"has-text-align-center\"><\/p>\n\n\n\n<div class=\"wp-block-buttons is-content-justification-left is-layout-flex wp-block-buttons-is-layout-flex\">\n<div class=\"wp-block-button has-custom-font-size\" style=\"font-size:px\"><a class=\"wp-block-button__link has-ast-global-color-2-color has-ast-global-color-5-background-color has-text-color has-background\" href=\"https:\/\/wa.me\/50683392975\" rel=\"#\">Cont\u00e1ctenos!<\/a><\/div>\n<\/div>\n<\/div><\/div>\n\n\n\n<div class=\"wp-block-group alignfull has-ast-global-color-5-background-color has-background is-layout-flow wp-block-group-is-layout-flow\"><div class=\"wp-block-group__inner-container\">\n<h2 class=\"has-text-align-center wp-block-heading\">Contr\u00e1tenos para<\/h2>\n\n\n\n<div class=\"wp-block-columns is-layout-flex wp-container-core-columns-layout-1 wp-block-columns-is-layout-flex\">\n<div class=\"wp-block-column is-layout-flow wp-block-column-is-layout-flow\">\n<h4 class=\"wp-block-heading\">Art\u00edculos publicitarios y sublimaci\u00f3n<\/h4>\n\n\n\n<p>Tenemos una gran variedad a su alcance, con mucho gusto le enviamos opciones y le cotizamos r\u00e1pidamente.<\/p>\n<\/div>\n\n\n\n<div class=\"wp-block-column is-layout-flow wp-block-column-is-layout-flow\">\n<h4 class=\"wp-block-heading\">Personalizaci\u00f3n<\/h4>\n\n\n\n<p>Todo tipo de superficies. Botellas, camisetas, lapiceros, gorras, mousepads, jarras, tazas, llaveros, libretas, tela, etc. <\/p>\n<\/div>\n\n\n\n<div class=\"wp-block-column is-vertically-aligned-center is-layout-flow wp-block-column-is-layout-flow\">\n<h4 class=\"wp-block-heading\">Marketing<\/h4>\n\n\n\n<p>Nuestro departamento est\u00e1 listo para abrir un mundo de posibilidades para sucrecimiento.<\/p>\n<\/div>\n<\/div>\n\n\n\n<p class=\"has-text-align-center\"><img loading=\"lazy\" decoding=\"async\" width=\"1920\" height=\"977\" class=\"wp-image-617\" style=\"width: 950px;\" src=\"http:\/\/trans-color.net\/wp-content\/uploads\/2022\/01\/Banner-pag-web-2.jpg\" alt=\"\" srcset=\"https:\/\/trans-color.net\/wp-content\/uploads\/2022\/01\/Banner-pag-web-2.jpg 1920w, https:\/\/trans-color.net\/wp-content\/uploads\/2022\/01\/Banner-pag-web-2-300x153.jpg 300w, https:\/\/trans-color.net\/wp-content\/uploads\/2022\/01\/Banner-pag-web-2-1024x521.jpg 1024w, https:\/\/trans-color.net\/wp-content\/uploads\/2022\/01\/Banner-pag-web-2-768x391.jpg 768w, https:\/\/trans-color.net\/wp-content\/uploads\/2022\/01\/Banner-pag-web-2-1536x782.jpg 1536w\" sizes=\"(max-width: 1920px) 100vw, 1920px\" \/>  <\/p>\n<\/div><\/div>\n\n\n\n<div class=\"wp-block-group alignfull has-ast-global-color-0-background-color has-background is-layout-flow wp-block-group-is-layout-flow\"><div class=\"wp-block-group__inner-container\">\n<div class=\"wp-block-media-text alignwide has-media-on-the-right is-stacked-on-mobile is-vertically-aligned-center\" style=\"grid-template-columns:auto 36%\"><figure class=\"wp-block-media-text__media\"><img loading=\"lazy\" decoding=\"async\" width=\"697\" height=\"840\" src=\"https:\/\/trans-color.net\/wp-content\/uploads\/2022\/01\/foto.jpg\" alt=\"\" class=\"wp-image-480 size-full\" srcset=\"https:\/\/trans-color.net\/wp-content\/uploads\/2022\/01\/foto.jpg 697w, https:\/\/trans-color.net\/wp-content\/uploads\/2022\/01\/foto-249x300.jpg 249w\" sizes=\"(max-width: 697px) 100vw, 697px\" \/><\/figure><div class=\"wp-block-media-text__content\">\n<h2 class=\"wp-block-heading\">Acerca de Trans-color<\/h2>\n\n\n\n<p>Con la intenci\u00f3n de brindarle al mercado una opci\u00f3n r\u00e1pida y segura de obtener material publicitario para cualquier necesidad, naci\u00f3 Trans-color y desde entonces hemos crecido m\u00e1s que haciendo clientes, haciendo amigos.<\/p>\n\n\n\n<h4 class=\"wp-block-heading\">Misi\u00f3n<\/h4>\n\n\n\n<p>Facilitarle a nuestros clientes la realizaci\u00f3n de sus proyectos, ahorr\u00e1ndoles tiempo en nuestra \u00e1rea de trabajo a trav\u00e9s de la calidad de nuestros servicios.<\/p>\n\n\n\n<h4 class=\"wp-block-heading\">Visi\u00f3n<\/h4>\n\n\n\n<p>Convertirnos en el mejor aliado de nuestros clientes.<\/p>\n<\/div><\/div>\n<\/div><\/div>\n\n\n\n<div class=\"wp-block-group alignfull has-ast-global-color-5-background-color has-background is-layout-flow wp-block-group-is-layout-flow\"><div class=\"wp-block-group__inner-container\">\n<p><\/p>\n\n\n\n<p><\/p>\n\n\n\n<h2 class=\"has-text-align-center wp-block-heading\">Algunos clientes satisfechos<\/h2>\n\n\n\n<div class=\"wp-block-columns are-vertically-aligned-center is-layout-flex wp-container-core-columns-layout-2 wp-block-columns-is-layout-flex\">\n<div class=\"wp-block-column is-vertically-aligned-center is-layout-flow wp-block-column-is-layout-flow\" style=\"flex-basis:100%\">\n<div class=\"wp-block-group is-layout-flow wp-block-group-is-layout-flow\"><div class=\"wp-block-group__inner-container\">\n<div class=\"wp-block-group alignfull has-ast-global-color-5-background-color has-background is-layout-flow wp-block-group-is-layout-flow\"><div class=\"wp-block-group__inner-container\">\n<figure class=\"wp-block-gallery aligncenter columns-4 wp-block-gallery-2 is-layout-flex wp-block-gallery-is-layout-flex\"><ul class=\"blocks-gallery-grid\"><li class=\"blocks-gallery-item\"><figure><img loading=\"lazy\" decoding=\"async\" width=\"510\" height=\"118\" src=\"http:\/\/trans-color.net\/wp-content\/uploads\/2022\/01\/logoprincipalgi-2.png\" alt=\"\" data-id=\"574\" data-full-url=\"http:\/\/trans-color.net\/wp-content\/uploads\/2022\/01\/logoprincipalgi-2.png\" data-link=\"https:\/\/trans-color.net\/?attachment_id=574\" class=\"wp-image-574\" srcset=\"https:\/\/trans-color.net\/wp-content\/uploads\/2022\/01\/logoprincipalgi-2.png 510w, https:\/\/trans-color.net\/wp-content\/uploads\/2022\/01\/logoprincipalgi-2-300x69.png 300w\" sizes=\"(max-width: 510px) 100vw, 510px\" \/><\/figure><\/li><li class=\"blocks-gallery-item\"><figure><img loading=\"lazy\" decoding=\"async\" width=\"1024\" height=\"227\" src=\"http:\/\/trans-color.net\/wp-content\/uploads\/2022\/01\/DHL_Logo.svg-1-1024x227.png\" alt=\"\" data-id=\"572\" data-full-url=\"http:\/\/trans-color.net\/wp-content\/uploads\/2022\/01\/DHL_Logo.svg-1.png\" data-link=\"https:\/\/trans-color.net\/?attachment_id=572\" class=\"wp-image-572\" srcset=\"https:\/\/trans-color.net\/wp-content\/uploads\/2022\/01\/DHL_Logo.svg-1-1024x227.png 1024w, https:\/\/trans-color.net\/wp-content\/uploads\/2022\/01\/DHL_Logo.svg-1-300x66.png 300w, https:\/\/trans-color.net\/wp-content\/uploads\/2022\/01\/DHL_Logo.svg-1-768x170.png 768w, https:\/\/trans-color.net\/wp-content\/uploads\/2022\/01\/DHL_Logo.svg-1-1536x340.png 1536w, https:\/\/trans-color.net\/wp-content\/uploads\/2022\/01\/DHL_Logo.svg-1-2048x454.png 2048w\" sizes=\"(max-width: 1024px) 100vw, 1024px\" \/><\/figure><\/li><li class=\"blocks-gallery-item\"><figure><img loading=\"lazy\" decoding=\"async\" width=\"302\" height=\"106\" src=\"http:\/\/trans-color.net\/wp-content\/uploads\/2022\/01\/GyS-CR-1.png\" alt=\"\" data-id=\"573\" data-full-url=\"http:\/\/trans-color.net\/wp-content\/uploads\/2022\/01\/GyS-CR-1.png\" data-link=\"https:\/\/trans-color.net\/?attachment_id=573\" class=\"wp-image-573\" srcset=\"https:\/\/trans-color.net\/wp-content\/uploads\/2022\/01\/GyS-CR-1.png 302w, https:\/\/trans-color.net\/wp-content\/uploads\/2022\/01\/GyS-CR-1-300x105.png 300w\" sizes=\"(max-width: 302px) 100vw, 302px\" \/><\/figure><\/li><li class=\"blocks-gallery-item\"><figure><img loading=\"lazy\" decoding=\"async\" width=\"1024\" height=\"383\" src=\"http:\/\/trans-color.net\/wp-content\/uploads\/2022\/01\/Logo-solo-Adisa-2-1024x383.png\" alt=\"\" data-id=\"570\" data-full-url=\"http:\/\/trans-color.net\/wp-content\/uploads\/2022\/01\/Logo-solo-Adisa-2.png\" data-link=\"https:\/\/trans-color.net\/?attachment_id=570\" class=\"wp-image-570\" srcset=\"https:\/\/trans-color.net\/wp-content\/uploads\/2022\/01\/Logo-solo-Adisa-2-1024x383.png 1024w, https:\/\/trans-color.net\/wp-content\/uploads\/2022\/01\/Logo-solo-Adisa-2-300x112.png 300w, https:\/\/trans-color.net\/wp-content\/uploads\/2022\/01\/Logo-solo-Adisa-2-768x288.png 768w, https:\/\/trans-color.net\/wp-content\/uploads\/2022\/01\/Logo-solo-Adisa-2-1536x575.png 1536w, https:\/\/trans-color.net\/wp-content\/uploads\/2022\/01\/Logo-solo-Adisa-2-2048x767.png 2048w\" sizes=\"(max-width: 1024px) 100vw, 1024px\" \/><\/figure><\/li><\/ul><\/figure>\n<\/div><\/div>\n<\/div><\/div>\n<\/div>\n<\/div>\n<\/div><\/div>\n\n\n\n<div class=\"wp-block-group alignfull has-ast-global-color-5-background-color has-background is-layout-flow wp-block-group-is-layout-flow\"><div class=\"wp-block-group__inner-container\">\n<h2 class=\"has-text-align-center wp-block-heading\">Porqu\u00e9 nosotros?<\/h2>\n\n\n\n<p class=\"has-text-align-center\"><strong><strong>Cada cliente es importante.<\/strong><\/strong> Tenemos la experiencia y la calidad que usted busca<\/p>\n<\/div><\/div>\n\n\n\n<div class=\"wp-block-group alignfull has-ast-global-color-2-background-color has-background is-layout-flow wp-block-group-is-layout-flow\"><div class=\"wp-block-group__inner-container\">\n<div class=\"wp-block-media-text alignwide has-media-on-the-right is-stacked-on-mobile has-ast-global-color-0-background-color has-background\" style=\"grid-template-columns:auto 66%\"><figure class=\"wp-block-media-text__media\"><img loading=\"lazy\" decoding=\"async\" width=\"775\" height=\"547\" src=\"http:\/\/trans-color.net\/wp-content\/uploads\/2021\/05\/cta-img.jpg\" alt=\"\" class=\"wp-image-69 size-full\" srcset=\"https:\/\/trans-color.net\/wp-content\/uploads\/2021\/05\/cta-img.jpg 775w, https:\/\/trans-color.net\/wp-content\/uploads\/2021\/05\/cta-img-300x212.jpg 300w, https:\/\/trans-color.net\/wp-content\/uploads\/2021\/05\/cta-img-768x542.jpg 768w\" sizes=\"(max-width: 775px) 100vw, 775px\" \/><\/figure><div class=\"wp-block-media-text__content\">\n<div class=\"wp-block-group is-layout-flow wp-block-group-is-layout-flow\"><div class=\"wp-block-group__inner-container\">\n<h3 class=\"wp-block-heading\">Tiene un proyecto en mente?<\/h3>\n\n\n\n<p>D\u00e9jenos ayudarle. Tenemos la experiencia para colaborar con ideas y recursos<\/p>\n\n\n\n<div class=\"wp-block-buttons is-layout-flex wp-block-buttons-is-layout-flex\">\n<div class=\"wp-block-button\"><a class=\"wp-block-button__link\" href=\"https:\/\/wa.me\/50683392975\" style=\"border-radius:5px\">Cont\u00e1ctenos!<\/a><\/div>\n<\/div>\n<\/div><\/div>\n<\/div><\/div>\n<\/div><\/div>\n\n\n\n<div class=\"wp-block-group alignfull has-ast-global-color-2-background-color has-background is-layout-flow wp-block-group-is-layout-flow\"><div class=\"wp-block-group__inner-container\">\n<div class=\"wp-block-columns are-vertically-aligned-center is-layout-flex wp-container-core-columns-layout-3 wp-block-columns-is-layout-flex\">\n<div class=\"wp-block-column is-vertically-aligned-center is-layout-flow wp-block-column-is-layout-flow\">\n<h2 class=\"has-text-align-center has-white-color has-text-color wp-block-heading\">Construyamos juntos su proyecto<\/h2>\n<\/div>\n<\/div>\n<\/div><\/div>\n\n\n\n<div class=\"wp-block-group alignfull has-ast-global-color-5-background-color has-background is-layout-flow wp-block-group-is-layout-flow\"><div class=\"wp-block-group__inner-container\">\n<div class=\"wp-block-columns is-layout-flex wp-container-core-columns-layout-4 wp-block-columns-is-layout-flex\">\n<div class=\"wp-block-column is-vertically-aligned-center is-layout-flow wp-block-column-is-layout-flow\">\n<p class=\"has-text-align-center has-large-font-size\"><\/p>\n<\/div>\n<\/div>\n\n\n\n<div class=\"wp-block-columns is-layout-flex wp-container-core-columns-layout-5 wp-block-columns-is-layout-flex\">\n<div class=\"wp-block-column is-layout-flow wp-block-column-is-layout-flow\">\n<figure class=\"wp-block-image size-full\"><img loading=\"lazy\" decoding=\"async\" width=\"1000\" height=\"1000\" src=\"https:\/\/trans-color.net\/wp-content\/uploads\/2022\/01\/9.jpg\" alt=\"\" class=\"wp-image-443\" srcset=\"https:\/\/trans-color.net\/wp-content\/uploads\/2022\/01\/9.jpg 1000w, https:\/\/trans-color.net\/wp-content\/uploads\/2022\/01\/9-300x300.jpg 300w, https:\/\/trans-color.net\/wp-content\/uploads\/2022\/01\/9-150x150.jpg 150w, https:\/\/trans-color.net\/wp-content\/uploads\/2022\/01\/9-768x768.jpg 768w\" sizes=\"(max-width: 1000px) 100vw, 1000px\" \/><\/figure>\n<\/div>\n\n\n\n<div class=\"wp-block-column is-layout-flow wp-block-column-is-layout-flow\">\n<figure class=\"wp-block-image size-full\"><img loading=\"lazy\" decoding=\"async\" width=\"1000\" height=\"1000\" src=\"https:\/\/trans-color.net\/wp-content\/uploads\/2022\/01\/5134.jpg\" alt=\"\" class=\"wp-image-444\" srcset=\"https:\/\/trans-color.net\/wp-content\/uploads\/2022\/01\/5134.jpg 1000w, https:\/\/trans-color.net\/wp-content\/uploads\/2022\/01\/5134-300x300.jpg 300w, https:\/\/trans-color.net\/wp-content\/uploads\/2022\/01\/5134-150x150.jpg 150w, https:\/\/trans-color.net\/wp-content\/uploads\/2022\/01\/5134-768x768.jpg 768w\" sizes=\"(max-width: 1000px) 100vw, 1000px\" \/><\/figure>\n<\/div>\n\n\n\n<div class=\"wp-block-column is-layout-flow wp-block-column-is-layout-flow\">\n<figure class=\"wp-block-image size-full is-resized\"><img loading=\"lazy\" decoding=\"async\" src=\"https:\/\/trans-color.net\/wp-content\/uploads\/2022\/01\/8787.jpg\" alt=\"\" class=\"wp-image-445\" width=\"381\" height=\"381\" srcset=\"https:\/\/trans-color.net\/wp-content\/uploads\/2022\/01\/8787.jpg 1000w, https:\/\/trans-color.net\/wp-content\/uploads\/2022\/01\/8787-300x300.jpg 300w, https:\/\/trans-color.net\/wp-content\/uploads\/2022\/01\/8787-150x150.jpg 150w, https:\/\/trans-color.net\/wp-content\/uploads\/2022\/01\/8787-768x768.jpg 768w\" sizes=\"(max-width: 381px) 100vw, 381px\" \/><\/figure>\n<\/div>\n<\/div>\n<\/div><\/div>\n\n\n\n<p><\/p>\n","protected":false},"excerpt":{"rendered":"<p>Contr\u00e1tenos para Art\u00edculos publicitarios y sublimaci\u00f3n Tenemos una gran variedad a su alcance, con mucho gusto le enviamos opciones y le cotizamos r\u00e1pidamente. Personalizaci\u00f3n Todo tipo de superficies. Botellas, camisetas, lapiceros, gorras, mousepads, jarras, tazas, llaveros, libretas, tela, etc. Marketing Nuestro departamento est\u00e1 listo para abrir un mundo de posibilidades para sucrecimiento. Acerca de Trans-color &hellip;<\/p>\n<p class=\"read-more\"> <a class=\"\" href=\"https:\/\/trans-color.net\/\"> <span class=\"screen-reader-text\">INICIO<\/span> Read More &raquo;<\/a><\/p>\n","protected":false},"author":1,"featured_media":0,"parent":0,"menu_order":0,"comment_status":"closed","ping_status":"closed","template":"","meta":{"om_disable_all_campaigns":false,"_mi_skip_tracking":false,"site-sidebar-layout":"no-sidebar","site-content-layout":"plain-container","ast-main-header-display":"","ast-hfb-above-header-display":"","ast-hfb-below-header-display":"","ast-hfb-mobile-header-display":"","site-post-title":"disabled","ast-breadcrumbs-content":"","ast-featured-img":"disabled","footer-sml-layout":"disabled","theme-transparent-header-meta":"enabled","adv-header-id-meta":"","stick-header-meta":"","header-above-stick-meta":"","header-main-stick-meta":"","header-below-stick-meta":"","footnotes":""},"_links":{"self":[{"href":"https:\/\/trans-color.net\/index.php?rest_route=\/wp\/v2\/pages\/135"}],"collection":[{"href":"https:\/\/trans-color.net\/index.php?rest_route=\/wp\/v2\/pages"}],"about":[{"href":"https:\/\/trans-color.net\/index.php?rest_route=\/wp\/v2\/types\/page"}],"author":[{"embeddable":true,"href":"https:\/\/trans-color.net\/index.php?rest_route=\/wp\/v2\/users\/1"}],"replies":[{"embeddable":true,"href":"https:\/\/trans-color.net\/index.php?rest_route=%2Fwp%2Fv2%2Fcomments&post=135"}],"version-history":[{"count":66,"href":"https:\/\/trans-color.net\/index.php?rest_route=\/wp\/v2\/pages\/135\/revisions"}],"predecessor-version":[{"id":649,"href":"https:\/\/trans-color.net\/index.php?rest_route=\/wp\/v2\/pages\/135\/revisions\/649"}],"wp:attachment":[{"href":"https:\/\/trans-color.net\/index.php?rest_route=%2Fwp%2Fv2%2Fmedia&parent=135"}],"curies":[{"name":"wp","href":"https:\/\/api.w.org\/{rel}","templated":true}]}}