{"id":137,"date":"2021-05-12T11:37:28","date_gmt":"2021-05-12T11:37:28","guid":{"rendered":"http:\/\/trans-color.net\/?page_id=137"},"modified":"2023-01-29T00:27:55","modified_gmt":"2023-01-29T00:27:55","slug":"services","status":"publish","type":"page","link":"https:\/\/trans-color.net\/?page_id=137","title":{"rendered":"Cat\u00e1logos"},"content":{"rendered":"\n<div class=\"wp-block-cover alignfull has-parallax\" style=\"min-height:546px\"><span aria-hidden=\"true\" class=\"wp-block-cover__background has-ast-global-color-2-background-color has-background-dim-90 has-background-dim\"><\/span><div role=\"img\" class=\"wp-block-cover__image-background wp-image-16 has-parallax\" style=\"background-position:50% 50%;background-image:url(http:\/\/trans-color.net\/wp-content\/uploads\/2021\/05\/hero-bg.jpg)\"><\/div><div class=\"wp-block-cover__inner-container is-layout-flow wp-block-cover-is-layout-flow\">\n<h1 class=\"has-text-align-center has-white-color has-text-color wp-block-heading\">Cat\u00e1logos en l\u00ednea<\/h1>\n<\/div><\/div>\n\n\n\n<div class=\"wp-block-group alignfull has-ast-global-color-0-background-color has-background is-layout-flow wp-block-group-is-layout-flow\"><div class=\"wp-block-group__inner-container\">\n<h2 class=\"has-text-align-center wp-block-heading\">Sabe que busca?<\/h2>\n\n\n\n<p class=\"has-text-align-center\"><strong>Con nuestros cat\u00e1logos en l\u00ednea puede darse una idea. Art\u00edculos que se traen al pa\u00eds y se personalizan con el logo de su empresa, con el c\u00f3digo y la cantidad le cotizamos<\/strong>. Tenemos muchos art\u00edculos para entrega inmediata, cont\u00e1ctenos sin compromiso<\/p>\n\n\n\n<div class=\"wp-block-columns are-vertically-aligned-center is-layout-flex wp-container-core-columns-layout-1 wp-block-columns-is-layout-flex\">\n<div class=\"wp-block-column is-vertically-aligned-center has-ast-global-color-3-color has-ast-global-color-3-background-color has-text-color has-background is-layout-flow wp-block-column-is-layout-flow\">\n<h1 class=\"has-ast-global-color-6-color has-ast-global-color-1-background-color has-text-color has-background wp-block-heading\"><a href=\"https:\/\/www.catalogospromocionales.com\/\" target=\"_blank\" rel=\"noreferrer noopener\">catalogospromocionales.com<\/a><\/h1>\n\n\n\n<p>Ingrese en el link, busque y escr\u00edbanos<\/p>\n\n\n\n<div class=\"wp-block-buttons is-layout-flex wp-block-buttons-is-layout-flex\">\n<div class=\"wp-block-button has-custom-font-size is-style-outline has-medium-font-size\"><a class=\"wp-block-button__link wp-element-button\" href=\"https:\/\/wa.me\/50683392975\">Cotice<\/a><\/div>\n<\/div>\n<\/div>\n\n\n\n<div class=\"wp-block-column is-vertically-aligned-center is-layout-flow wp-block-column-is-layout-flow\">\n<h1 class=\"has-ast-global-color-4-background-color has-background wp-block-heading\"><a href=\"http:\/\/www.promoguatemala.com\/\" target=\"_blank\" rel=\"noreferrer noopener\">promocentroamerica.com<\/a><\/h1>\n\n\n\n<p> Ingrese en el link, busque y escr\u00edbanos <\/p>\n\n\n\n<div class=\"wp-block-buttons is-layout-flex wp-block-buttons-is-layout-flex\">\n<div class=\"wp-block-button has-custom-font-size is-style-outline has-medium-font-size\"><a class=\"wp-block-button__link wp-element-button\" href=\"https:\/\/wa.me\/50683392975\"><mark style=\"background-color:rgba(0, 0, 0, 0)\" class=\"has-inline-color has-ast-global-color-3-color\">Contacto<\/mark><\/a><\/div>\n<\/div>\n<\/div>\n\n\n\n<div class=\"wp-block-column is-vertically-aligned-center is-layout-flow wp-block-column-is-layout-flow\">\n<h1 class=\"has-background wp-block-heading\" style=\"background-color:#c1d0d7\"><a href=\"https:\/\/generalcatalogue2023.eu\/9ab58bdca2d00b7d8be0c4f3a27ba8cc\/\" target=\"_blank\" rel=\"noreferrer noopener\">generalcatalogue2023<\/a><\/h1>\n\n\n\n<p>Ingrese en el link, busque y escr\u00edbanos<\/p>\n\n\n\n<div class=\"wp-block-buttons is-layout-flex wp-block-buttons-is-layout-flex\">\n<div class=\"wp-block-button has-custom-font-size is-style-outline has-medium-font-size\"><a class=\"wp-block-button__link wp-element-button\" href=\"https:\/\/wa.me\/50683392975\">Cotice<\/a><\/div>\n<\/div>\n<\/div>\n<\/div>\n<\/div><\/div>\n\n\n\n<div class=\"wp-block-group alignfull has-ast-global-color-5-background-color has-background is-layout-flow wp-block-group-is-layout-flow\"><div class=\"wp-block-group__inner-container\">\n<h2 class=\"has-text-align-center wp-block-heading\">Clientes satisfechos<\/h2>\n\n\n\n<p><\/p>\n\n\n\n<p><\/p>\n\n\n\n<figure class=\"wp-block-gallery aligncenter has-nested-images columns-4 wp-block-gallery-1 is-layout-flex wp-block-gallery-is-layout-flex\">\n<figure class=\"wp-block-image size-large\"><img loading=\"lazy\" decoding=\"async\" width=\"1024\" height=\"320\" src=\"https:\/\/trans-color.net\/wp-content\/uploads\/2022\/01\/matinexsa-1024x320.png\" alt=\"\" class=\"wp-image-587\" srcset=\"https:\/\/trans-color.net\/wp-content\/uploads\/2022\/01\/matinexsa-1024x320.png 1024w, https:\/\/trans-color.net\/wp-content\/uploads\/2022\/01\/matinexsa-300x94.png 300w, https:\/\/trans-color.net\/wp-content\/uploads\/2022\/01\/matinexsa-768x240.png 768w, https:\/\/trans-color.net\/wp-content\/uploads\/2022\/01\/matinexsa.png 1143w\" sizes=\"(max-width: 1024px) 100vw, 1024px\" \/><\/figure>\n\n\n\n<figure class=\"wp-block-image size-large\"><img loading=\"lazy\" decoding=\"async\" width=\"369\" height=\"136\" src=\"https:\/\/trans-color.net\/wp-content\/uploads\/2022\/01\/descarga.png\" alt=\"\" class=\"wp-image-586\" srcset=\"https:\/\/trans-color.net\/wp-content\/uploads\/2022\/01\/descarga.png 369w, https:\/\/trans-color.net\/wp-content\/uploads\/2022\/01\/descarga-300x111.png 300w\" sizes=\"(max-width: 369px) 100vw, 369px\" \/><\/figure>\n\n\n\n<figure class=\"wp-block-image size-large\"><img loading=\"lazy\" decoding=\"async\" width=\"1024\" height=\"471\" src=\"https:\/\/trans-color.net\/wp-content\/uploads\/2022\/01\/Logo-USAM_Horizontal_1-1024x471.png\" alt=\"\" class=\"wp-image-588\" srcset=\"https:\/\/trans-color.net\/wp-content\/uploads\/2022\/01\/Logo-USAM_Horizontal_1-1024x471.png 1024w, https:\/\/trans-color.net\/wp-content\/uploads\/2022\/01\/Logo-USAM_Horizontal_1-300x138.png 300w, https:\/\/trans-color.net\/wp-content\/uploads\/2022\/01\/Logo-USAM_Horizontal_1-768x353.png 768w, https:\/\/trans-color.net\/wp-content\/uploads\/2022\/01\/Logo-USAM_Horizontal_1.png 1138w\" sizes=\"(max-width: 1024px) 100vw, 1024px\" \/><\/figure>\n\n\n\n<figure class=\"wp-block-image size-large\"><img loading=\"lazy\" decoding=\"async\" width=\"1024\" height=\"522\" src=\"https:\/\/trans-color.net\/wp-content\/uploads\/2022\/01\/logo-coopeagropal-con-borde-blanco.png\" alt=\"\" class=\"wp-image-589\" srcset=\"https:\/\/trans-color.net\/wp-content\/uploads\/2022\/01\/logo-coopeagropal-con-borde-blanco.png 1024w, https:\/\/trans-color.net\/wp-content\/uploads\/2022\/01\/logo-coopeagropal-con-borde-blanco-300x153.png 300w, https:\/\/trans-color.net\/wp-content\/uploads\/2022\/01\/logo-coopeagropal-con-borde-blanco-768x392.png 768w\" sizes=\"(max-width: 1024px) 100vw, 1024px\" \/><\/figure>\n<\/figure>\n<\/div><\/div>\n\n\n\n<div class=\"wp-block-group alignfull has-ast-global-color-2-background-color has-background is-layout-flow wp-block-group-is-layout-flow\"><div class=\"wp-block-group__inner-container\">\n<div class=\"wp-block-media-text alignwide has-media-on-the-right is-stacked-on-mobile has-ast-global-color-0-background-color has-background\" style=\"grid-template-columns:auto 66%\"><div class=\"wp-block-media-text__content\">\n<div class=\"wp-block-group is-layout-flow wp-block-group-is-layout-flow\"><div class=\"wp-block-group__inner-container\">\n<h3 class=\"wp-block-heading\">Mercadeo digital?<\/h3>\n\n\n\n<p>Si busca hacer crecer su empresa ponemos a su servicio a nuestro equipo. Consulte sin ning\u00fan compromiso, tenemos lo que busca.<\/p>\n\n\n\n<div class=\"wp-block-buttons is-layout-flex wp-block-buttons-is-layout-flex\">\n<div class=\"wp-block-button is-style-outline\"><a class=\"wp-block-button__link wp-element-button\">Cont\u00e1ctenos!<\/a><\/div>\n<\/div>\n<\/div><\/div>\n<\/div><figure class=\"wp-block-media-text__media\"><img loading=\"lazy\" decoding=\"async\" width=\"775\" height=\"547\" src=\"http:\/\/trans-color.net\/wp-content\/uploads\/2021\/05\/cta-img.jpg\" alt=\"\" class=\"wp-image-69 size-full\" srcset=\"https:\/\/trans-color.net\/wp-content\/uploads\/2021\/05\/cta-img.jpg 775w, https:\/\/trans-color.net\/wp-content\/uploads\/2021\/05\/cta-img-300x212.jpg 300w, https:\/\/trans-color.net\/wp-content\/uploads\/2021\/05\/cta-img-768x542.jpg 768w\" sizes=\"(max-width: 775px) 100vw, 775px\" \/><\/figure><\/div>\n<\/div><\/div>\n","protected":false},"excerpt":{"rendered":"<p>Sabe que busca? Con nuestros cat\u00e1logos en l\u00ednea puede darse una idea. Art\u00edculos que se traen al pa\u00eds y se personalizan con el logo de su empresa, con el c\u00f3digo y la cantidad le cotizamos. Tenemos muchos art\u00edculos para entrega inmediata, cont\u00e1ctenos sin compromiso catalogospromocionales.com Ingrese en el link, busque y escr\u00edbanos promocentroamerica.com Ingrese en &hellip;<\/p>\n<p class=\"read-more\"> <a class=\"\" href=\"https:\/\/trans-color.net\/?page_id=137\"> <span class=\"screen-reader-text\">Cat\u00e1logos<\/span> Read More &raquo;<\/a><\/p>\n","protected":false},"author":1,"featured_media":0,"parent":0,"menu_order":0,"comment_status":"closed","ping_status":"closed","template":"","meta":{"om_disable_all_campaigns":false,"_mi_skip_tracking":false,"site-sidebar-layout":"no-sidebar","site-content-layout":"plain-container","ast-main-header-display":"","ast-hfb-above-header-display":"","ast-hfb-below-header-display":"","ast-hfb-mobile-header-display":"","site-post-title":"disabled","ast-breadcrumbs-content":"","ast-featured-img":"","footer-sml-layout":"disabled","theme-transparent-header-meta":"enabled","adv-header-id-meta":"","stick-header-meta":"","header-above-stick-meta":"","header-main-stick-meta":"","header-below-stick-meta":"","footnotes":""},"_links":{"self":[{"href":"https:\/\/trans-color.net\/index.php?rest_route=\/wp\/v2\/pages\/137"}],"collection":[{"href":"https:\/\/trans-color.net\/index.php?rest_route=\/wp\/v2\/pages"}],"about":[{"href":"https:\/\/trans-color.net\/index.php?rest_route=\/wp\/v2\/types\/page"}],"author":[{"embeddable":true,"href":"https:\/\/trans-color.net\/index.php?rest_route=\/wp\/v2\/users\/1"}],"replies":[{"embeddable":true,"href":"https:\/\/trans-color.net\/index.php?rest_route=%2Fwp%2Fv2%2Fcomments&post=137"}],"version-history":[{"count":14,"href":"https:\/\/trans-color.net\/index.php?rest_route=\/wp\/v2\/pages\/137\/revisions"}],"predecessor-version":[{"id":678,"href":"https:\/\/trans-color.net\/index.php?rest_route=\/wp\/v2\/pages\/137\/revisions\/678"}],"wp:attachment":[{"href":"https:\/\/trans-color.net\/index.php?rest_route=%2Fwp%2Fv2%2Fmedia&parent=137"}],"curies":[{"name":"wp","href":"https:\/\/api.w.org\/{rel}","templated":true}]}}