{"id":141,"date":"2021-05-12T11:38:43","date_gmt":"2021-05-12T11:38:43","guid":{"rendered":"http:\/\/trans-color.net\/?page_id=141"},"modified":"2022-01-04T22:50:14","modified_gmt":"2022-01-04T22:50:14","slug":"contact","status":"publish","type":"page","link":"https:\/\/trans-color.net\/?page_id=141","title":{"rendered":"Contacto"},"content":{"rendered":"\n<div class=\"wp-block-cover alignfull has-background-dim-90 has-ast-global-color-2-background-color has-background-dim has-parallax\" style=\"background-image:url(http:\/\/trans-color.net\/wp-content\/uploads\/2021\/05\/hero-bg.jpg);min-height:549px\"><div class=\"wp-block-cover__inner-container is-layout-flow wp-block-cover-is-layout-flow\">\n<h1 class=\"has-text-align-center has-white-color has-text-color wp-block-heading\">Contacto<\/h1>\n<\/div><\/div>\n\n\n\n<div class=\"wp-block-group alignfull has-ast-global-color-0-background-color has-background is-layout-flow wp-block-group-is-layout-flow\"><div class=\"wp-block-group__inner-container\">\n<div class=\"wp-block-columns alignwide is-layout-flex wp-container-core-columns-layout-1 wp-block-columns-is-layout-flex\">\n<div class=\"wp-block-column is-vertically-aligned-center is-layout-flow wp-block-column-is-layout-flow\">\n<h2 class=\"wp-block-heading\"><span class=\"has-inline-color has-ast-global-color-3-color\"><strong>Estamos para ayudarle!<\/strong><\/span><\/h2>\n\n\n\n<h4 class=\"wp-block-heading\">Correo electr\u00f3nico<\/h4>\n\n\n\n<p>info@trans-color.net<\/p>\n\n\n\n<h4 class=\"wp-block-heading\">Direcci\u00f3n<\/h4>\n\n\n\n<p>San Francisco de Dos R\u00edos, 100 metros al sur del BCR<\/p>\n\n\n\n<h4 class=\"wp-block-heading\">Tel\u00e9fono o Whatsapp<\/h4>\n\n\n\n<p><a href=\"https:\/\/wa.me\/50683392975\">8339-2975<\/a><\/p>\n\n\n\n<h3 class=\"wp-block-heading\">S\u00edganos<\/h3>\n\n\n\n<ul class=\"wp-block-social-links has-normal-icon-size has-icon-color is-style-logos-only is-layout-flex wp-block-social-links-is-layout-flex\"><li style=\"color: #2c2927; \" class=\"wp-social-link wp-social-link-facebook  wp-block-social-link\"><a href=\"https:\/\/www.facebook.com\/transcolor506\" class=\"wp-block-social-link-anchor\"><svg width=\"24\" height=\"24\" viewBox=\"0 0 24 24\" version=\"1.1\" xmlns=\"http:\/\/www.w3.org\/2000\/svg\" aria-hidden=\"true\" focusable=\"false\"><path d=\"M12 2C6.5 2 2 6.5 2 12c0 5 3.7 9.1 8.4 9.9v-7H7.9V12h2.5V9.8c0-2.5 1.5-3.9 3.8-3.9 1.1 0 2.2.2 2.2.2v2.5h-1.3c-1.2 0-1.6.8-1.6 1.6V12h2.8l-.4 2.9h-2.3v7C18.3 21.1 22 17 22 12c0-5.5-4.5-10-10-10z\"><\/path><\/svg><span class=\"wp-block-social-link-label screen-reader-text\">Facebook<\/span><\/a><\/li><\/ul>\n<\/div>\n<\/div>\n\n\n\n<p><\/p>\n<\/div><\/div>\n\n\n\n<div class=\"wp-block-columns is-layout-flex wp-container-core-columns-layout-2 wp-block-columns-is-layout-flex\">\n<div class=\"wp-block-column is-layout-flow wp-block-column-is-layout-flow\" style=\"flex-basis:100%\">\n<figure class=\"wp-block-gallery columns-3 is-cropped wp-block-gallery-1 is-layout-flex wp-block-gallery-is-layout-flex\"><ul class=\"blocks-gallery-grid\"><li class=\"blocks-gallery-item\"><figure><img loading=\"lazy\" decoding=\"async\" width=\"1000\" height=\"1000\" src=\"https:\/\/trans-color.net\/wp-content\/uploads\/2022\/01\/7432.jpg\" alt=\"\" data-id=\"636\" class=\"wp-image-636\" srcset=\"https:\/\/trans-color.net\/wp-content\/uploads\/2022\/01\/7432.jpg 1000w, https:\/\/trans-color.net\/wp-content\/uploads\/2022\/01\/7432-300x300.jpg 300w, https:\/\/trans-color.net\/wp-content\/uploads\/2022\/01\/7432-150x150.jpg 150w, https:\/\/trans-color.net\/wp-content\/uploads\/2022\/01\/7432-768x768.jpg 768w\" sizes=\"(max-width: 1000px) 100vw, 1000px\" \/><\/figure><\/li><li class=\"blocks-gallery-item\"><figure><img loading=\"lazy\" decoding=\"async\" width=\"1000\" height=\"1000\" src=\"https:\/\/trans-color.net\/wp-content\/uploads\/2022\/01\/9401-1.jpg\" alt=\"\" data-id=\"637\" data-link=\"https:\/\/trans-color.net\/?attachment_id=637\" class=\"wp-image-637\" srcset=\"https:\/\/trans-color.net\/wp-content\/uploads\/2022\/01\/9401-1.jpg 1000w, https:\/\/trans-color.net\/wp-content\/uploads\/2022\/01\/9401-1-300x300.jpg 300w, https:\/\/trans-color.net\/wp-content\/uploads\/2022\/01\/9401-1-150x150.jpg 150w, https:\/\/trans-color.net\/wp-content\/uploads\/2022\/01\/9401-1-768x768.jpg 768w\" sizes=\"(max-width: 1000px) 100vw, 1000px\" \/><\/figure><\/li><li class=\"blocks-gallery-item\"><figure><img loading=\"lazy\" decoding=\"async\" width=\"1000\" height=\"1000\" src=\"https:\/\/trans-color.net\/wp-content\/uploads\/2022\/01\/vaso-1.jpg\" alt=\"\" data-id=\"638\" data-link=\"https:\/\/trans-color.net\/?attachment_id=638\" class=\"wp-image-638\" srcset=\"https:\/\/trans-color.net\/wp-content\/uploads\/2022\/01\/vaso-1.jpg 1000w, https:\/\/trans-color.net\/wp-content\/uploads\/2022\/01\/vaso-1-300x300.jpg 300w, https:\/\/trans-color.net\/wp-content\/uploads\/2022\/01\/vaso-1-150x150.jpg 150w, https:\/\/trans-color.net\/wp-content\/uploads\/2022\/01\/vaso-1-768x768.jpg 768w\" sizes=\"(max-width: 1000px) 100vw, 1000px\" \/><\/figure><\/li><li class=\"blocks-gallery-item\"><figure><img loading=\"lazy\" decoding=\"async\" width=\"1000\" height=\"1000\" src=\"https:\/\/trans-color.net\/wp-content\/uploads\/2022\/01\/9317-1.jpg\" alt=\"\" data-id=\"639\" data-link=\"https:\/\/trans-color.net\/?attachment_id=639\" class=\"wp-image-639\" srcset=\"https:\/\/trans-color.net\/wp-content\/uploads\/2022\/01\/9317-1.jpg 1000w, https:\/\/trans-color.net\/wp-content\/uploads\/2022\/01\/9317-1-300x300.jpg 300w, https:\/\/trans-color.net\/wp-content\/uploads\/2022\/01\/9317-1-150x150.jpg 150w, https:\/\/trans-color.net\/wp-content\/uploads\/2022\/01\/9317-1-768x768.jpg 768w\" sizes=\"(max-width: 1000px) 100vw, 1000px\" \/><\/figure><\/li><li class=\"blocks-gallery-item\"><figure><img loading=\"lazy\" decoding=\"async\" width=\"1000\" height=\"1000\" src=\"https:\/\/trans-color.net\/wp-content\/uploads\/2022\/01\/7-1.jpg\" alt=\"\" data-id=\"640\" data-link=\"https:\/\/trans-color.net\/?attachment_id=640\" class=\"wp-image-640\" srcset=\"https:\/\/trans-color.net\/wp-content\/uploads\/2022\/01\/7-1.jpg 1000w, https:\/\/trans-color.net\/wp-content\/uploads\/2022\/01\/7-1-300x300.jpg 300w, https:\/\/trans-color.net\/wp-content\/uploads\/2022\/01\/7-1-150x150.jpg 150w, https:\/\/trans-color.net\/wp-content\/uploads\/2022\/01\/7-1-768x768.jpg 768w\" sizes=\"(max-width: 1000px) 100vw, 1000px\" \/><\/figure><\/li><li class=\"blocks-gallery-item\"><figure><img loading=\"lazy\" decoding=\"async\" width=\"1000\" height=\"1000\" src=\"https:\/\/trans-color.net\/wp-content\/uploads\/2022\/01\/8.jpg\" alt=\"\" data-id=\"641\" data-full-url=\"https:\/\/trans-color.net\/wp-content\/uploads\/2022\/01\/8.jpg\" data-link=\"https:\/\/trans-color.net\/?attachment_id=641\" class=\"wp-image-641\" srcset=\"https:\/\/trans-color.net\/wp-content\/uploads\/2022\/01\/8.jpg 1000w, https:\/\/trans-color.net\/wp-content\/uploads\/2022\/01\/8-300x300.jpg 300w, https:\/\/trans-color.net\/wp-content\/uploads\/2022\/01\/8-150x150.jpg 150w, https:\/\/trans-color.net\/wp-content\/uploads\/2022\/01\/8-768x768.jpg 768w\" sizes=\"(max-width: 1000px) 100vw, 1000px\" \/><\/figure><\/li><\/ul><\/figure>\n<\/div>\n<\/div>\n\n\n\n<p><\/p>\n","protected":false},"excerpt":{"rendered":"<p>Estamos para ayudarle! Correo electr\u00f3nico info@trans-color.net Direcci\u00f3n San Francisco de Dos R\u00edos, 100 metros al sur del BCR Tel\u00e9fono o Whatsapp 8339-2975 S\u00edganos<\/p>\n","protected":false},"author":1,"featured_media":0,"parent":0,"menu_order":0,"comment_status":"closed","ping_status":"closed","template":"","meta":{"om_disable_all_campaigns":false,"_mi_skip_tracking":false,"site-sidebar-layout":"no-sidebar","site-content-layout":"plain-container","ast-main-header-display":"","ast-hfb-above-header-display":"","ast-hfb-below-header-display":"","ast-hfb-mobile-header-display":"","site-post-title":"disabled","ast-breadcrumbs-content":"","ast-featured-img":"","footer-sml-layout":"disabled","theme-transparent-header-meta":"enabled","adv-header-id-meta":"","stick-header-meta":"","header-above-stick-meta":"","header-main-stick-meta":"","header-below-stick-meta":"","footnotes":""},"_links":{"self":[{"href":"https:\/\/trans-color.net\/index.php?rest_route=\/wp\/v2\/pages\/141"}],"collection":[{"href":"https:\/\/trans-color.net\/index.php?rest_route=\/wp\/v2\/pages"}],"about":[{"href":"https:\/\/trans-color.net\/index.php?rest_route=\/wp\/v2\/types\/page"}],"author":[{"embeddable":true,"href":"https:\/\/trans-color.net\/index.php?rest_route=\/wp\/v2\/users\/1"}],"replies":[{"embeddable":true,"href":"https:\/\/trans-color.net\/index.php?rest_route=%2Fwp%2Fv2%2Fcomments&post=141"}],"version-history":[{"count":9,"href":"https:\/\/trans-color.net\/index.php?rest_route=\/wp\/v2\/pages\/141\/revisions"}],"predecessor-version":[{"id":642,"href":"https:\/\/trans-color.net\/index.php?rest_route=\/wp\/v2\/pages\/141\/revisions\/642"}],"wp:attachment":[{"href":"https:\/\/trans-color.net\/index.php?rest_route=%2Fwp%2Fv2%2Fmedia&parent=141"}],"curies":[{"name":"wp","href":"https:\/\/api.w.org\/{rel}","templated":true}]}}